{"id":96,"date":"2021-08-22T12:58:37","date_gmt":"2021-08-22T10:58:37","guid":{"rendered":"http:\/\/neem-tree-yard.com\/?page_id=96"},"modified":"2022-08-14T11:56:52","modified_gmt":"2022-08-14T09:56:52","slug":"warum-gambia","status":"publish","type":"page","link":"https:\/\/neem-tree-yard.com\/en\/warum-gambia\/","title":{"rendered":"Why Gambia"},"content":{"rendered":"\t\t<div data-elementor-type=\"wp-page\" data-elementor-id=\"96\" class=\"elementor elementor-96\">\n\t\t\t\t\t\t\t\t\t<section class=\"elementor-section elementor-top-section elementor-element elementor-element-7af6bb6a elementor-section-height-min-height elementor-section-items-stretch elementor-reverse-mobile elementor-section-boxed elementor-section-height-default elementor-invisible\" data-id=\"7af6bb6a\" data-element_type=\"section\" data-settings=\"{&quot;background_background&quot;:&quot;classic&quot;,&quot;animation&quot;:&quot;fadeIn&quot;}\">\n\t\t\t\t\t\t<div class=\"elementor-container elementor-column-gap-default\">\n\t\t\t\t\t<div class=\"elementor-column elementor-col-66 elementor-top-column elementor-element elementor-element-1322c634\" data-id=\"1322c634\" data-element_type=\"column\">\n\t\t\t<div class=\"elementor-widget-wrap elementor-element-populated\">\n\t\t\t\t\t\t\t\t<div class=\"elementor-element elementor-element-6e2cb511 elementor-invisible elementor-widget elementor-widget-heading\" data-id=\"6e2cb511\" data-element_type=\"widget\" data-settings=\"{&quot;_animation&quot;:&quot;fadeInUp&quot;,&quot;_animation_delay&quot;:400}\" data-widget_type=\"heading.default\">\n\t\t\t\t<div class=\"elementor-widget-container\">\n\t\t\t<style>\/*! elementor - v3.8.0 - 30-10-2022 *\/\n.elementor-heading-title{padding:0;margin:0;line-height:1}.elementor-widget-heading .elementor-heading-title[class*=elementor-size-]>a{color:inherit;font-size:inherit;line-height:inherit}.elementor-widget-heading .elementor-heading-title.elementor-size-small{font-size:15px}.elementor-widget-heading .elementor-heading-title.elementor-size-medium{font-size:19px}.elementor-widget-heading .elementor-heading-title.elementor-size-large{font-size:29px}.elementor-widget-heading .elementor-heading-title.elementor-size-xl{font-size:39px}.elementor-widget-heading .elementor-heading-title.elementor-size-xxl{font-size:59px}<\/style><h1 class=\"elementor-heading-title elementor-size-large\">Warum Gambia<\/h1>\t\t<\/div>\n\t\t\t\t<\/div>\n\t\t\t\t<div class=\"elementor-element elementor-element-2f0dc5ea elementor-invisible elementor-widget elementor-widget-text-editor\" data-id=\"2f0dc5ea\" data-element_type=\"widget\" data-settings=\"{&quot;_animation&quot;:&quot;fadeInUp&quot;,&quot;_animation_delay&quot;:500}\" data-widget_type=\"text-editor.default\">\n\t\t\t\t<div class=\"elementor-widget-container\">\n\t\t\t<style>\/*! elementor - v3.8.0 - 30-10-2022 *\/\n.elementor-widget-text-editor.elementor-drop-cap-view-stacked .elementor-drop-cap{background-color:#818a91;color:#fff}.elementor-widget-text-editor.elementor-drop-cap-view-framed .elementor-drop-cap{color:#818a91;border:3px solid;background-color:transparent}.elementor-widget-text-editor:not(.elementor-drop-cap-view-default) .elementor-drop-cap{margin-top:8px}.elementor-widget-text-editor:not(.elementor-drop-cap-view-default) .elementor-drop-cap-letter{width:1em;height:1em}.elementor-widget-text-editor .elementor-drop-cap{float:left;text-align:center;line-height:1;font-size:50px}.elementor-widget-text-editor .elementor-drop-cap-letter{display:inline-block}<\/style>\t\t\t\t<p>In Gambia, einem der \u00e4rmsten L\u00e4nder der Welt, fehlt es an Allem. Insbesondere an Perspektiven. Diese wollen wir schaffen: Durch eine neue Bautechnologie entstehen Arbeitspl\u00e4tze, der Plastic Bottle Garden wirkt gegen die latente Unterern\u00e4hrung und der Community Center ist ein Ort f\u00fcr Kreativit\u00e4t und Inspiration. So sch\u00fctzen wir die Umwelt, mindern Armut und Fluchtursachen.<\/p>\t\t\t\t\t\t<\/div>\n\t\t\t\t<\/div>\n\t\t\t\t\t<\/div>\n\t\t<\/div>\n\t\t\t\t<div class=\"elementor-column elementor-col-33 elementor-top-column elementor-element elementor-element-248f864\" data-id=\"248f864\" data-element_type=\"column\">\n\t\t\t<div class=\"elementor-widget-wrap elementor-element-populated\">\n\t\t\t\t\t\t\t\t<div class=\"elementor-element elementor-element-74cb681 elementor-widget elementor-widget-image\" data-id=\"74cb681\" data-element_type=\"widget\" data-settings=\"{&quot;motion_fx_motion_fx_scrolling&quot;:&quot;yes&quot;,&quot;motion_fx_translateY_effect&quot;:&quot;yes&quot;,&quot;motion_fx_translateY_speed&quot;:{&quot;unit&quot;:&quot;px&quot;,&quot;size&quot;:1,&quot;sizes&quot;:[]},&quot;motion_fx_translateY_affectedRange&quot;:{&quot;unit&quot;:&quot;%&quot;,&quot;size&quot;:&quot;&quot;,&quot;sizes&quot;:{&quot;start&quot;:0,&quot;end&quot;:100}},&quot;motion_fx_devices&quot;:[&quot;desktop&quot;,&quot;tablet&quot;,&quot;mobile&quot;]}\" data-widget_type=\"image.default\">\n\t\t\t\t<div class=\"elementor-widget-container\">\n\t\t\t<style>\/*! elementor - v3.8.0 - 30-10-2022 *\/\n.elementor-widget-image{text-align:center}.elementor-widget-image a{display:inline-block}.elementor-widget-image a img[src$=\".svg\"]{width:48px}.elementor-widget-image img{vertical-align:middle;display:inline-block}<\/style>\t\t\t\t\t\t\t\t\t\t\t\t<img loading=\"lazy\" decoding=\"async\" width=\"704\" height=\"1024\" src=\"https:\/\/neem-tree-yard.com\/wp-content\/uploads\/2021\/08\/Gambia-Umrisse-GREEN-704x1024.png\" class=\"attachment-large size-large\" alt=\"\" srcset=\"https:\/\/neem-tree-yard.com\/wp-content\/uploads\/2021\/08\/Gambia-Umrisse-GREEN-704x1024.png 704w, https:\/\/neem-tree-yard.com\/wp-content\/uploads\/2021\/08\/Gambia-Umrisse-GREEN-206x300.png 206w, https:\/\/neem-tree-yard.com\/wp-content\/uploads\/2021\/08\/Gambia-Umrisse-GREEN.png 738w\" sizes=\"auto, (max-width: 704px) 100vw, 704px\" \/>\t\t\t\t\t\t\t\t\t\t\t\t\t\t\t<\/div>\n\t\t\t\t<\/div>\n\t\t\t\t\t<\/div>\n\t\t<\/div>\n\t\t\t\t\t\t\t<\/div>\n\t\t<\/section>\n\t\t\t\t<section class=\"elementor-section elementor-top-section elementor-element elementor-element-172ffec6 elementor-reverse-mobile elementor-section-boxed elementor-section-height-default elementor-section-height-default\" data-id=\"172ffec6\" data-element_type=\"section\" data-settings=\"{&quot;background_background&quot;:&quot;classic&quot;}\">\n\t\t\t\t\t\t<div class=\"elementor-container elementor-column-gap-default\">\n\t\t\t\t\t<div class=\"elementor-column elementor-col-50 elementor-top-column elementor-element elementor-element-6b302e72\" data-id=\"6b302e72\" data-element_type=\"column\">\n\t\t\t<div class=\"elementor-widget-wrap elementor-element-populated\">\n\t\t\t\t\t\t\t\t<div class=\"elementor-element elementor-element-7e6d8b2 animated-fast elementor-widget elementor-widget-heading\" data-id=\"7e6d8b2\" data-element_type=\"widget\" data-settings=\"{&quot;_animation&quot;:&quot;none&quot;,&quot;_animation_delay&quot;:400}\" data-widget_type=\"heading.default\">\n\t\t\t\t<div class=\"elementor-widget-container\">\n\t\t\t<h2 class=\"elementor-heading-title elementor-size-default\">Allgemein<\/h2>\t\t<\/div>\n\t\t\t\t<\/div>\n\t\t\t\t<div class=\"elementor-element elementor-element-7bf78d28 animated-fast elementor-widget elementor-widget-text-editor\" data-id=\"7bf78d28\" data-element_type=\"widget\" data-settings=\"{&quot;_animation&quot;:&quot;none&quot;}\" data-widget_type=\"text-editor.default\">\n\t\t\t\t<div class=\"elementor-widget-container\">\n\t\t\t\t\t\t\t<p>Gambia ist das kleinste und eines der \u00e4rmsten L\u00e4nder des afrikanischen Kontinents. Das Land verf\u00fcgt weder \u00fcber Bodensch\u00e4tze, produzierende Industrie oder andere nennenswerte Wirtschaftsaktivit\u00e4ten.&nbsp;<\/p>\n<p>Das anglophone Gambia ist bis auf die Atlantikk\u00fcste vom Senegal umgeben und hat ca. 2 Mio Einwohner.<\/p>\n<p>80 Prozent der Bev\u00f6lkerung sind j\u00fcnger als 25 Jahre bei einer Jugendarbeitslosigkeitsquote von 45 Prozent und gut die H\u00e4lfte der Menschen lebt unterhalb der Armutsgrenze.<\/p>\t\t\t\t\t\t<\/div>\n\t\t\t\t<\/div>\n\t\t\t\t\t<\/div>\n\t\t<\/div>\n\t\t\t\t<div class=\"elementor-column elementor-col-50 elementor-top-column elementor-element elementor-element-13861438\" data-id=\"13861438\" data-element_type=\"column\">\n\t\t\t<div class=\"elementor-widget-wrap elementor-element-populated\">\n\t\t\t\t\t\t\t\t<div class=\"elementor-element elementor-element-63ecdc66 elementor-widget elementor-widget-image\" data-id=\"63ecdc66\" data-element_type=\"widget\" data-widget_type=\"image.default\">\n\t\t\t\t<div class=\"elementor-widget-container\">\n\t\t\t\t\t\t\t\t\t\t\t\t\t\t\t<img loading=\"lazy\" decoding=\"async\" width=\"1024\" height=\"683\" src=\"https:\/\/neem-tree-yard.com\/wp-content\/uploads\/2021\/08\/kurt-cotoaga-uOgB_xCBT4M-unsplash-1024x683.jpg\" class=\"attachment-large size-large\" alt=\"\" srcset=\"https:\/\/neem-tree-yard.com\/wp-content\/uploads\/2021\/08\/kurt-cotoaga-uOgB_xCBT4M-unsplash-1024x683.jpg 1024w, https:\/\/neem-tree-yard.com\/wp-content\/uploads\/2021\/08\/kurt-cotoaga-uOgB_xCBT4M-unsplash-300x200.jpg 300w, https:\/\/neem-tree-yard.com\/wp-content\/uploads\/2021\/08\/kurt-cotoaga-uOgB_xCBT4M-unsplash-768x512.jpg 768w, https:\/\/neem-tree-yard.com\/wp-content\/uploads\/2021\/08\/kurt-cotoaga-uOgB_xCBT4M-unsplash-1536x1024.jpg 1536w, https:\/\/neem-tree-yard.com\/wp-content\/uploads\/2021\/08\/kurt-cotoaga-uOgB_xCBT4M-unsplash-2048x1365.jpg 2048w\" sizes=\"auto, (max-width: 1024px) 100vw, 1024px\" \/>\t\t\t\t\t\t\t\t\t\t\t\t\t\t\t<\/div>\n\t\t\t\t<\/div>\n\t\t\t\t\t<\/div>\n\t\t<\/div>\n\t\t\t\t\t\t\t<\/div>\n\t\t<\/section>\n\t\t\t\t<section class=\"elementor-section elementor-top-section elementor-element elementor-element-76f726d5 elementor-section-boxed elementor-section-height-default elementor-section-height-default\" data-id=\"76f726d5\" data-element_type=\"section\" data-settings=\"{&quot;background_background&quot;:&quot;classic&quot;}\">\n\t\t\t\t\t\t<div class=\"elementor-container elementor-column-gap-default\">\n\t\t\t\t\t<div class=\"elementor-column elementor-col-50 elementor-top-column elementor-element elementor-element-15860a3c\" data-id=\"15860a3c\" data-element_type=\"column\">\n\t\t\t<div class=\"elementor-widget-wrap elementor-element-populated\">\n\t\t\t\t\t\t\t\t<div class=\"elementor-element elementor-element-6d7b3329 elementor-widget elementor-widget-image\" data-id=\"6d7b3329\" data-element_type=\"widget\" data-widget_type=\"image.default\">\n\t\t\t\t<div class=\"elementor-widget-container\">\n\t\t\t\t\t\t\t\t\t\t\t\t\t\t\t<img loading=\"lazy\" decoding=\"async\" width=\"846\" height=\"1024\" src=\"https:\/\/neem-tree-yard.com\/wp-content\/uploads\/2021\/08\/wim-van-t-einde-ELHzK-UFabY-unsplash-scaled-e1629650769959-846x1024.jpg\" class=\"attachment-large size-large\" alt=\"\" srcset=\"https:\/\/neem-tree-yard.com\/wp-content\/uploads\/2021\/08\/wim-van-t-einde-ELHzK-UFabY-unsplash-scaled-e1629650769959-846x1024.jpg 846w, https:\/\/neem-tree-yard.com\/wp-content\/uploads\/2021\/08\/wim-van-t-einde-ELHzK-UFabY-unsplash-scaled-e1629650769959-248x300.jpg 248w, https:\/\/neem-tree-yard.com\/wp-content\/uploads\/2021\/08\/wim-van-t-einde-ELHzK-UFabY-unsplash-scaled-e1629650769959-768x929.jpg 768w, https:\/\/neem-tree-yard.com\/wp-content\/uploads\/2021\/08\/wim-van-t-einde-ELHzK-UFabY-unsplash-scaled-e1629650769959.jpg 1190w\" sizes=\"auto, (max-width: 846px) 100vw, 846px\" \/>\t\t\t\t\t\t\t\t\t\t\t\t\t\t\t<\/div>\n\t\t\t\t<\/div>\n\t\t\t\t\t<\/div>\n\t\t<\/div>\n\t\t\t\t<div class=\"elementor-column elementor-col-50 elementor-top-column elementor-element elementor-element-25fc305d\" data-id=\"25fc305d\" data-element_type=\"column\">\n\t\t\t<div class=\"elementor-widget-wrap elementor-element-populated\">\n\t\t\t\t\t\t\t\t<div class=\"elementor-element elementor-element-e9d3255 animated-fast elementor-widget elementor-widget-heading\" data-id=\"e9d3255\" data-element_type=\"widget\" data-settings=\"{&quot;_animation&quot;:&quot;none&quot;,&quot;_animation_delay&quot;:400}\" data-widget_type=\"heading.default\">\n\t\t\t\t<div class=\"elementor-widget-container\">\n\t\t\t<h2 class=\"elementor-heading-title elementor-size-default\">Ein Land im Aufbruch<\/h2>\t\t<\/div>\n\t\t\t\t<\/div>\n\t\t\t\t<div class=\"elementor-element elementor-element-409f336 animated-fast elementor-widget elementor-widget-text-editor\" data-id=\"409f336\" data-element_type=\"widget\" data-settings=\"{&quot;_animation&quot;:&quot;none&quot;}\" data-widget_type=\"text-editor.default\">\n\t\t\t\t<div class=\"elementor-widget-container\">\n\t\t\t\t\t\t\t<p style=\"font-variant-caps: normal; font-family: Tajawal, sans-serif; font-size: 15.75px; font-style: normal;\"><span style=\"font-family: Tajawal, sans-serif; font-size: 15.75px; font-style: normal; font-variant-caps: normal; letter-spacing: 0px;\">Bei einem Machtwechsel 2016 wurde der repressive Diktator durch eine demokratische Regierung abgel\u00f6st und nun befindet sich das Land in einem Transformationsprozess, der tiefgreifende Ver\u00e4nderungen mit sich bringt und neben vielen Hoffnungen und Erwartungen auch ebenso viele Entt\u00e4uschungen und Frustration sowie die Gefahr politischer Instabilit\u00e4t.<\/span><\/p><p style=\"font-variant-caps: normal; font-family: Tajawal, sans-serif; font-size: 15.75px; font-style: normal;\">Die Regierung legte nach dem Machtwechsel einen Entwicklungsplan mit umfangreichen Reformen vor. Die Wirtschaft ist zerst\u00f6rt, die Infrastruktur ineffizient und marode, die Staatsressourcen ausgebeutet und es gibt gigantische soziale Herausforderungen.\u00a0<\/p><p style=\"font-variant-caps: normal; font-family: Tajawal, sans-serif; font-size: 15.75px; font-style: normal;\">Das gr\u00f6\u00dfte Problem ist die Perspektivlosigkeit f\u00fcr junge Menschen, die von der Regierung Barrow erstmals als Ursache f\u00fcr illegale Migration benannt wurde. Gambia hat eine der h\u00f6chsten Migrationsraten der Welt.<\/p>\t\t\t\t\t\t<\/div>\n\t\t\t\t<\/div>\n\t\t\t\t\t<\/div>\n\t\t<\/div>\n\t\t\t\t\t\t\t<\/div>\n\t\t<\/section>\n\t\t\t\t<section class=\"elementor-section elementor-top-section elementor-element elementor-element-4554bb55 elementor-section-height-min-height elementor-section-items-stretch elementor-section-content-middle elementor-reverse-mobile elementor-section-boxed elementor-section-height-default\" data-id=\"4554bb55\" data-element_type=\"section\" data-settings=\"{&quot;background_background&quot;:&quot;classic&quot;}\">\n\t\t\t\t\t\t<div class=\"elementor-container elementor-column-gap-default\">\n\t\t\t\t\t<div class=\"elementor-column elementor-col-50 elementor-top-column elementor-element elementor-element-4ea4553c\" data-id=\"4ea4553c\" data-element_type=\"column\">\n\t\t\t<div class=\"elementor-widget-wrap elementor-element-populated\">\n\t\t\t\t\t\t\t\t<div class=\"elementor-element elementor-element-4899341e animated-fast elementor-widget elementor-widget-heading\" data-id=\"4899341e\" data-element_type=\"widget\" data-settings=\"{&quot;_animation&quot;:&quot;none&quot;,&quot;_animation_delay&quot;:400}\" data-widget_type=\"heading.default\">\n\t\t\t\t<div class=\"elementor-widget-container\">\n\t\t\t<h2 class=\"elementor-heading-title elementor-size-default\">Armut und Perspektivlosigkeit<\/h2>\t\t<\/div>\n\t\t\t\t<\/div>\n\t\t\t\t<div class=\"elementor-element elementor-element-399249ef animated-fast elementor-widget elementor-widget-text-editor\" data-id=\"399249ef\" data-element_type=\"widget\" data-settings=\"{&quot;_animation&quot;:&quot;none&quot;}\" data-widget_type=\"text-editor.default\">\n\t\t\t\t<div class=\"elementor-widget-container\">\n\t\t\t\t\t\t\t<p style=\"font-variant-caps: normal; font-family: Tajawal, sans-serif; font-size: 15.75px; font-style: normal;\"><span style=\"font-family: Tajawal, sans-serif; font-size: 15.75px; font-style: normal; font-variant-caps: normal; letter-spacing: 0px;\">Zahlreiche Gambier verdingen sich an den Str\u00e4nden und in den touristischen Gebieten als Sexarbeiter. Aufgrund ausbleibender Touristen zieht es viele nach Europa.\u00a0<\/span><\/p><p style=\"font-variant-caps: normal; font-family: Tajawal, sans-serif; font-size: 15.75px; font-style: normal;\">Ein weiteres Problem ist die extreme Schuldenlast des Landes, das durch die Regierung Jammeh systematisch ausgebeutet wurde. Aus diesem Grund sind weder neue Investitionen im Land m\u00f6glich, noch gibt es Zugang zu Krediten auf dem Finanzmarkt f\u00fcr den privaten Sektor. Eine desastr\u00f6se Infrastruktur f\u00fchrt zus\u00e4tzlich zu hohen Preisen f\u00fcr Gebrauchsg\u00fcter, da das Land stark abh\u00e4ngig vom Export ist. Ebenso problematisch sind das Bildungs- und das Gesundheitssystem, f\u00fcr die junge Bev\u00f6lkerung ist der Zugang zu Wissen und Information stark eingeschr\u00e4nkt und insbesondere Frauen m\u00fcssen gef\u00f6rdert werden.<\/p>\t\t\t\t\t\t<\/div>\n\t\t\t\t<\/div>\n\t\t\t\t\t<\/div>\n\t\t<\/div>\n\t\t\t\t<div class=\"elementor-column elementor-col-50 elementor-top-column elementor-element elementor-element-8303b8b elementor-invisible\" data-id=\"8303b8b\" data-element_type=\"column\" data-settings=\"{&quot;background_background&quot;:&quot;classic&quot;,&quot;animation&quot;:&quot;zoomIn&quot;}\">\n\t\t\t<div class=\"elementor-widget-wrap elementor-element-populated\">\n\t\t\t\t\t\t\t\t<div class=\"elementor-element elementor-element-6e3f32eb elementor-widget elementor-widget-image\" data-id=\"6e3f32eb\" data-element_type=\"widget\" data-widget_type=\"image.default\">\n\t\t\t\t<div class=\"elementor-widget-container\">\n\t\t\t\t\t\t\t\t\t\t\t\t\t\t\t<img loading=\"lazy\" decoding=\"async\" width=\"1311\" height=\"1536\" src=\"https:\/\/neem-tree-yard.com\/wp-content\/uploads\/2021\/08\/ishan-seefromthesky-4xmgrNUbyNA-unsplash-scaled-e1629650850705-1311x1536.jpg\" class=\"attachment-1536x1536 size-1536x1536\" alt=\"\" srcset=\"https:\/\/neem-tree-yard.com\/wp-content\/uploads\/2021\/08\/ishan-seefromthesky-4xmgrNUbyNA-unsplash-scaled-e1629650850705-1311x1536.jpg 1311w, https:\/\/neem-tree-yard.com\/wp-content\/uploads\/2021\/08\/ishan-seefromthesky-4xmgrNUbyNA-unsplash-scaled-e1629650850705-256x300.jpg 256w, https:\/\/neem-tree-yard.com\/wp-content\/uploads\/2021\/08\/ishan-seefromthesky-4xmgrNUbyNA-unsplash-scaled-e1629650850705-874x1024.jpg 874w, https:\/\/neem-tree-yard.com\/wp-content\/uploads\/2021\/08\/ishan-seefromthesky-4xmgrNUbyNA-unsplash-scaled-e1629650850705-768x900.jpg 768w, https:\/\/neem-tree-yard.com\/wp-content\/uploads\/2021\/08\/ishan-seefromthesky-4xmgrNUbyNA-unsplash-scaled-e1629650850705-1748x2048.jpg 1748w, https:\/\/neem-tree-yard.com\/wp-content\/uploads\/2021\/08\/ishan-seefromthesky-4xmgrNUbyNA-unsplash-scaled-e1629650850705.jpg 2048w\" sizes=\"auto, (max-width: 1311px) 100vw, 1311px\" \/>\t\t\t\t\t\t\t\t\t\t\t\t\t\t\t<\/div>\n\t\t\t\t<\/div>\n\t\t\t\t\t<\/div>\n\t\t<\/div>\n\t\t\t\t\t\t\t<\/div>\n\t\t<\/section>\n\t\t\t\t<section class=\"elementor-section elementor-top-section elementor-element elementor-element-d28b93d elementor-reverse-mobile elementor-section-boxed elementor-section-height-default elementor-section-height-default\" data-id=\"d28b93d\" data-element_type=\"section\">\n\t\t\t\t\t\t<div class=\"elementor-container elementor-column-gap-default\">\n\t\t\t\t\t<div class=\"elementor-column elementor-col-50 elementor-top-column elementor-element elementor-element-7dc7ffeb\" data-id=\"7dc7ffeb\" data-element_type=\"column\">\n\t\t\t<div class=\"elementor-widget-wrap elementor-element-populated\">\n\t\t\t\t\t\t\t\t<div class=\"elementor-element elementor-element-54a5aa8d animated-fast elementor-invisible elementor-widget elementor-widget-heading\" data-id=\"54a5aa8d\" data-element_type=\"widget\" data-settings=\"{&quot;_animation&quot;:&quot;fadeInUp&quot;,&quot;_animation_delay&quot;:400}\" data-widget_type=\"heading.default\">\n\t\t\t\t<div class=\"elementor-widget-container\">\n\t\t\t<h2 class=\"elementor-heading-title elementor-size-xl\">Unterst\u00fctzen Sie uns!<\/h2>\t\t<\/div>\n\t\t\t\t<\/div>\n\t\t\t\t<div class=\"elementor-element elementor-element-405b2822 animated-fast elementor-invisible elementor-widget elementor-widget-text-editor\" data-id=\"405b2822\" data-element_type=\"widget\" data-settings=\"{&quot;_animation&quot;:&quot;fadeInUp&quot;}\" data-widget_type=\"text-editor.default\">\n\t\t\t\t<div class=\"elementor-widget-container\">\n\t\t\t\t\t\t\t<p>Wir bauen eine neue Zukunft f\u00fcr uns alle!<br \/>Spenden Sie f\u00fcr The Neem Tree Yard e.V.<\/p>\t\t\t\t\t\t<\/div>\n\t\t\t\t<\/div>\n\t\t\t\t<div class=\"elementor-element elementor-element-46b488ca elementor-mobile-align-center elementor-widget elementor-widget-global elementor-global-387 elementor-widget-paypal-button\" data-id=\"46b488ca\" data-element_type=\"widget\" data-settings=\"{&quot;merchant_account&quot;:&quot;simple&quot;}\" data-widget_type=\"paypal-button.default\">\n\t\t\t\t<div class=\"elementor-widget-container\">\n\t\t\t<style>\/*! elementor-pro - v3.8.1 - 07-11-2022 *\/\n.elementor-payment-button{border:none}<\/style>\t\t<div class=\"elementor-button-wrapper\">\n\t\t\t\t\t<form action=\"https:\/\/www.paypal.com\/cgi-bin\/webscr\" method=\"post\" target=\"_blank\">\n\t\t\t<input type=\"hidden\" name=\"cmd\" value=\"_donations\" \/>\n\t\t\t<input type=\"hidden\" name=\"business\" value=\"Donate@neem-tree-yard.com\" \/>\n\t\t\t<input type=\"hidden\" name=\"lc\" value=\"US\" \/>\n\t\t\t<input type=\"hidden\" name=\"item_name\" value=\"\" \/>\n\t\t\t<input type=\"hidden\" name=\"item_number\" value=\"\" \/>\n\t\t\t<input type=\"hidden\" name=\"currency_code\" value=\"EUR\" \/>\n\t\t\t<input type=\"hidden\" name=\"amount\" value=\"\" \/>\n\t\t\t<input type=\"hidden\" name=\"no_note\" value=\"1\">\n\n\t\t\t\t\t<button class=\"elementor-button elementor-paypal-legacy elementor-payment-button\" role=\"button\" type=\"submit\">\n\t\t\t\t\t<span class=\"elementor-button-content-wrapper\">\n\t\t\t\t\t\t\t<span class=\"elementor-button-icon elementor-align-icon-left\">\n\t\t\t\t<i aria-hidden=\"true\" class=\"fab fa-paypal\"><\/i>\t\t\t<\/span>\n\t\t\t\t\t\t<span class=\"elementor-button-text\">jetzt spenden<\/span>\n\t\t<\/span>\n\t\t\t\t<\/button>\n\t\t\t\t<\/form>\n\t\t\t\t<\/div>\n\t\t\t\t<\/div>\n\t\t\t\t<\/div>\n\t\t\t\t\t<\/div>\n\t\t<\/div>\n\t\t\t\t<div class=\"elementor-column elementor-col-50 elementor-top-column elementor-element elementor-element-134fcdec\" data-id=\"134fcdec\" data-element_type=\"column\">\n\t\t\t<div class=\"elementor-widget-wrap elementor-element-populated\">\n\t\t\t\t\t\t\t\t<div class=\"elementor-element elementor-element-3146db64 elementor-widget elementor-widget-image\" data-id=\"3146db64\" data-element_type=\"widget\" data-widget_type=\"image.default\">\n\t\t\t\t<div class=\"elementor-widget-container\">\n\t\t\t\t\t\t\t\t\t\t\t\t\t\t\t<img loading=\"lazy\" decoding=\"async\" width=\"1024\" height=\"1024\" src=\"https:\/\/neem-tree-yard.com\/wp-content\/uploads\/2021\/08\/Logo2-1024x1024.png\" class=\"attachment-large size-large\" alt=\"\" srcset=\"https:\/\/neem-tree-yard.com\/wp-content\/uploads\/2021\/08\/Logo2-1024x1024.png 1024w, https:\/\/neem-tree-yard.com\/wp-content\/uploads\/2021\/08\/Logo2-300x300.png 300w, https:\/\/neem-tree-yard.com\/wp-content\/uploads\/2021\/08\/Logo2-150x150.png 150w, https:\/\/neem-tree-yard.com\/wp-content\/uploads\/2021\/08\/Logo2-768x768.png 768w, https:\/\/neem-tree-yard.com\/wp-content\/uploads\/2021\/08\/Logo2.png 1432w\" sizes=\"auto, (max-width: 1024px) 100vw, 1024px\" \/>\t\t\t\t\t\t\t\t\t\t\t\t\t\t\t<\/div>\n\t\t\t\t<\/div>\n\t\t\t\t\t<\/div>\n\t\t<\/div>\n\t\t\t\t\t\t\t<\/div>\n\t\t<\/section>\n\t\t\t\t\t\t\t<\/div>\n\t\t","protected":false},"excerpt":{"rendered":"<p>Warum Gambia In Gambia, einem der \u00e4rmsten L\u00e4nder der Welt, fehlt es an Allem. Insbesondere an Perspektiven. Diese wollen wir schaffen: Durch eine neue Bautechnologie entstehen Arbeitspl\u00e4tze, der Plastic Bottle Garden wirkt gegen die latente Unterern\u00e4hrung und der Community Center ist ein Ort f\u00fcr Kreativit\u00e4t und Inspiration. So sch\u00fctzen wir die Umwelt, mindern Armut und [&hellip;]<\/p>\n","protected":false},"author":1,"featured_media":0,"parent":0,"menu_order":0,"comment_status":"closed","ping_status":"closed","template":"","meta":{"footnotes":""},"class_list":["post-96","page","type-page","status-publish","hentry","entry"],"_links":{"self":[{"href":"https:\/\/neem-tree-yard.com\/en\/wp-json\/wp\/v2\/pages\/96","targetHints":{"allow":["GET"]}}],"collection":[{"href":"https:\/\/neem-tree-yard.com\/en\/wp-json\/wp\/v2\/pages"}],"about":[{"href":"https:\/\/neem-tree-yard.com\/en\/wp-json\/wp\/v2\/types\/page"}],"author":[{"embeddable":true,"href":"https:\/\/neem-tree-yard.com\/en\/wp-json\/wp\/v2\/users\/1"}],"replies":[{"embeddable":true,"href":"https:\/\/neem-tree-yard.com\/en\/wp-json\/wp\/v2\/comments?post=96"}],"version-history":[{"count":10,"href":"https:\/\/neem-tree-yard.com\/en\/wp-json\/wp\/v2\/pages\/96\/revisions"}],"predecessor-version":[{"id":1175,"href":"https:\/\/neem-tree-yard.com\/en\/wp-json\/wp\/v2\/pages\/96\/revisions\/1175"}],"wp:attachment":[{"href":"https:\/\/neem-tree-yard.com\/en\/wp-json\/wp\/v2\/media?parent=96"}],"curies":[{"name":"wp","href":"https:\/\/api.w.org\/{rel}","templated":true}]}}