{"id":557,"date":"2021-09-14T17:54:58","date_gmt":"2021-09-14T15:54:58","guid":{"rendered":"http:\/\/neem-tree-yard.com\/?page_id=557"},"modified":"2021-09-14T18:10:20","modified_gmt":"2021-09-14T16:10:20","slug":"datenschutz","status":"publish","type":"page","link":"https:\/\/neem-tree-yard.com\/en\/datenschutz\/","title":{"rendered":"Data Privacy"},"content":{"rendered":"\t\t<div data-elementor-type=\"wp-page\" data-elementor-id=\"557\" class=\"elementor elementor-557\">\n\t\t\t\t\t\t\t\t\t<section class=\"elementor-section elementor-top-section elementor-element elementor-element-ee8d14a elementor-section-boxed elementor-section-height-default elementor-section-height-default\" data-id=\"ee8d14a\" data-element_type=\"section\">\n\t\t\t\t\t\t<div class=\"elementor-container elementor-column-gap-default\">\n\t\t\t\t\t<div class=\"elementor-column elementor-col-100 elementor-top-column elementor-element elementor-element-4b13e57\" data-id=\"4b13e57\" data-element_type=\"column\">\n\t\t\t<div class=\"elementor-widget-wrap elementor-element-populated\">\n\t\t\t\t\t\t\t\t<div class=\"elementor-element elementor-element-a5ca245 elementor-widget elementor-widget-text-editor\" data-id=\"a5ca245\" data-element_type=\"widget\" data-widget_type=\"text-editor.default\">\n\t\t\t\t<div class=\"elementor-widget-container\">\n\t\t\t<style>\/*! elementor - v3.8.0 - 30-10-2022 *\/\n.elementor-widget-text-editor.elementor-drop-cap-view-stacked .elementor-drop-cap{background-color:#818a91;color:#fff}.elementor-widget-text-editor.elementor-drop-cap-view-framed .elementor-drop-cap{color:#818a91;border:3px solid;background-color:transparent}.elementor-widget-text-editor:not(.elementor-drop-cap-view-default) .elementor-drop-cap{margin-top:8px}.elementor-widget-text-editor:not(.elementor-drop-cap-view-default) .elementor-drop-cap-letter{width:1em;height:1em}.elementor-widget-text-editor .elementor-drop-cap{float:left;text-align:center;line-height:1;font-size:50px}.elementor-widget-text-editor .elementor-drop-cap-letter{display:inline-block}<\/style>\t\t\t\t<p>Datenschutz<\/p><p>Die Betreiber dieser Seite nehmen den Schutz Ihrer pers\u00f6nlichen Daten sehr ernst. Wir behandeln Ihre personenbezogenen Daten vertraulich und entsprechend der gesetzlichen Datenschutzvorschriften sowie dieser Datenschutzerkl\u00e4rung.<\/p><p>Die Nutzung unserer Website ist in der Regel ohne Angabe personenbezogener Daten m\u00f6glich. Soweit auf unseren Seiten personenbezogene Daten (beispielsweise Name, Anschrift oder E-Mail-Adressen) erhoben werden, erfolgt dies, soweit m\u00f6glich, stets auf freiwilliger Basis. Diese Daten werden ohne Ihre ausdr\u00fcckliche Zustimmung nicht an Dritte weitergegeben.<\/p><p>Wir weisen darauf hin, dass die Daten\u00fcbertragung im Internet (z.B. bei der Kommunikation per E-Mail) Sicherheitsl\u00fccken aufweisen kann. Ein l\u00fcckenloser Schutz der Daten vor dem Zugriff durch Dritte ist nicht m\u00f6glich.<\/p><p>Cookies<\/p><p>Die Internetseiten verwenden teilweise so genannte Cookies. Cookies richten auf Ihrem Rechner keinen Schaden an und enthalten keine Viren. Cookies dienen dazu, unser Angebot nutzerfreundlicher, effektiver und sicherer zu machen. Cookies sind kleine Textdateien, die auf Ihrem Rechner abgelegt werden und die Ihr Browser speichert.<\/p><p>Die meisten der von uns verwendeten Cookies sind so genannte \u201eSession-Cookies\u201c. Sie werden nach Ende Ihres Besuchs automatisch gel\u00f6scht. Andere Cookies bleiben auf Ihrem Endger\u00e4t gespeichert, bis Sie diese l\u00f6schen. Diese Cookies erm\u00f6glichen es uns, Ihren Browser beim n\u00e4chsten Besuch wiederzuerkennen.<\/p><p>Sie k\u00f6nnen Ihren Browser so einstellen, dass Sie \u00fcber das Setzen von Cookies informiert werden und Cookies nur im Einzelfall erlauben, die Annahme von Cookies f\u00fcr bestimmte F\u00e4lle oder generell ausschlie\u00dfen sowie das automatische L\u00f6schen der Cookies beim Schlie\u00dfen des Browsers aktivieren. Bei der Deaktivierung von Cookies kann die Funktionalit\u00e4t dieser Website eingeschr\u00e4nkt sein.<\/p><p>Server-Log-Files<\/p><p>\u00a0<\/p><p>Der Provider der Seiten erhebt und speichert wahrscheinlich automatisch Informationen in so genannten Server-Log Files, die Ihr Browser automatisch an uns \u00fcbermittelt. Dies sind:<\/p><p>\u2022 Browsertyp und Browserversion<\/p><p>\u2022 verwendetes Betriebssystem<\/p><p>\u2022 Referrer URL<\/p><p>\u2022 Hostname des zugreifenden Rechners<\/p><p>\u2022 Uhrzeit der Serveranfrage<\/p><p>Diese Daten sind nicht bestimmten Personen zuordenbar. Eine Zusammenf\u00fchrung dieser Daten mit anderen Datenquellen wird nicht vorgenommen. Wir behalten uns vor, diese Daten nachtr\u00e4glich zu pr\u00fcfen, wenn uns konkrete Anhaltspunkte f\u00fcr eine rechtswidrige Nutzung bekannt werden.<\/p><p>F\u00f6rdermitgliedsformular<\/p><p>Wenn Sie bei uns F\u00f6rdermitglied werden, werden Ihre Angaben aus dem Antragsformular inklusive der von Ihnen dort angegebenen Kontaktdaten sowie Ihrer IP-Adresse bei uns gespeichert. Diese Daten werden ausschlie\u00dflich f\u00fcr die rechtlich notwendige Mitgliederverwaltung, f\u00fcr den Versand der j\u00e4hrlichen Spendenquittung sowie eventuell f\u00fcr den Versand der Programmzeitschrift verwendet und ohne Ihre Einwilligung nicht weitergegeben.<\/p><p>E-Mail<\/p><p>Alle Mailadressen der Domain @neem-tree-yard.com unterliegen der Auflage der projektgebundenen Nutzung. Mailinhaber haben das Recht, eingehende Mails an weitere Projektmitarbeiter weiterzuleiten, sollte dies f\u00fcr den konkreten Fall f\u00fcr die Bearbeitung notwendig sein. Eine an den Mailempf\u00e4nger gebundene Geheimhaltung ist separat und explizit vor Erhalt von sensiblen Daten zu treffen. Dies gilt nicht f\u00fcr Mailadressen, deren Nutzung explizit f\u00fcr den Eingang von pers\u00f6nlichen \/ sensiblen Daten eingerichtet und kommuniziert wurden.<\/p><p>Die \u00dcbertragung von sensiblen Daten \u00fcber E-Mail ist nicht verschl\u00fcsselt und damit nicht sicher.<\/p><p>Weitere Informationen zum Umgang von Nutzerdaten finden Sie in der Datenschutzerkl\u00e4rung von YouTube unter: https:\/\/www.google.de\/intl\/de\/policies\/privacy<\/p><p>Speicherung der IP-Adresse<\/p><p>\u00a0<\/p><p>Unsere Kommentarfunktion speichert die IP-Adressen der Nutzer, die Kommentare verfassen. Da wir Kommentare auf unserer Seite nicht vor der Freischaltung pr\u00fcfen, ben\u00f6tigen wir diese Daten, um im Falle von Rechtsverletzungen wie Beleidigungen oder Propaganda gegen den Verfasser vorgehen zu k\u00f6nnen.<\/p><p>Verschl\u00fcsselung<\/p><p>Diese Seite nutzt keine SSL-Verschl\u00fcsselung. Die Daten, die Sie an uns \u00fcbermitteln, k\u00f6nnen von Dritten mitgelesen werden.<\/p><p>Bewerbung auf Stellen oder Praktika<\/p><p>Wir bieten grunds\u00e4tzlich keine offenen Stellen an, da wir ehrenamtlich t\u00e4tig sind. Aber wir freuen uns \u00fcber Mitstreiter. Bei Initiativbewerbungen findet das Folgende Anwendung:<\/p><p>Daten, die durch Bewerbungsprozesse an NTY \u00fcbertragen werden, werden ausschlie\u00dflich den Personen zug\u00e4nglich, welche sich um die Abwicklung der Bewerbung k\u00fcmmern.<\/p><p>Sollte es zu keiner Besch\u00e4ftigung kommen, werden die Bewerberdaten unverz\u00fcglich gel\u00f6scht. Auf Wunsch der Bewerberin \/ des Bewerbers ist es m\u00f6glich die Kontaktdaten, oder die gesamte Bewerbung f\u00fcr einen Zeitraum von 2 Jahren aufzuheben, um im Falle einer offenen Stelle die Bewerbung erneut zu Pr\u00fcfen und Kontakt aufzunehmen.\u00a0<\/p><p>Bewerbungen sind explizit an die im Impressum ausgeschriebene Mailadresse, per Post oder durch pers\u00f6nliche \u00dcbergabe zu stellen, um den Datenschutz zu gew\u00e4hrleisten. Wir weisen explizit darauf hin, dass die Onlinebewerbung per Mail nicht verschl\u00fcsselt und damit keine sichere \u00dcbermittlung ist.<\/p><p>Mitgliedschaft The Neem Tree Yard e.V.<\/p><p>\u00a0<\/p><p>Alle Daten werden ausschlie\u00dflich f\u00fcr die rechtlich notwendige Mitgliederverwaltung erhoben. Kontodaten werden ausschlie\u00dflich zur Abbuchung der Mitgliedschaftsgeb\u00fchren erhoben. Sollten Fehlbuchungen auftreten, wenden Sie sich bitte an mitglieder@neem-tree-yard.com<\/p><p>Datenschutzbeauftragter<\/p><p>The Neem Tree Yard e.V. unterliegt nach Art. 37 DSGVO nicht der Benennungspflicht eines Datenschutzbeauftragten. Hinweise oder Fragen bitte an info@neem-tree-yard.com<\/p><p>Recht auf Auskunft, L\u00f6schung, Sperrung, Berichtigung<\/p><p>\u00a0<\/p><p>Sie haben jederzeit das Recht auf unentgeltliche Auskunft \u00fcber Ihre gespeicherten personenbezogenen Daten, deren Herkunft und Empf\u00e4nger und den Zweck der Datenverarbeitung sowie ein Recht auf Berichtigung, Sperrung oder L\u00f6schung dieser Daten. Hierzu sowie zu weiteren Fragen zum Thema personenbezogene Daten k\u00f6nnen Sie sich jederzeit unter der im Impressum angegebenen Adresse an uns wenden.<\/p>\t\t\t\t\t\t<\/div>\n\t\t\t\t<\/div>\n\t\t\t\t\t<\/div>\n\t\t<\/div>\n\t\t\t\t\t\t\t<\/div>\n\t\t<\/section>\n\t\t\t\t<section class=\"elementor-section elementor-top-section elementor-element elementor-element-5db83516 elementor-section-height-min-height elementor-section-boxed elementor-section-height-default elementor-section-items-middle\" data-id=\"5db83516\" data-element_type=\"section\" data-settings=\"{&quot;background_background&quot;:&quot;classic&quot;}\">\n\t\t\t\t\t\t<div class=\"elementor-container elementor-column-gap-default\">\n\t\t\t\t\t<div class=\"elementor-column elementor-col-50 elementor-top-column elementor-element elementor-element-533c179\" data-id=\"533c179\" data-element_type=\"column\">\n\t\t\t<div class=\"elementor-widget-wrap elementor-element-populated\">\n\t\t\t\t\t\t\t\t<div class=\"elementor-element elementor-element-790a9c55 elementor-widget elementor-widget-image\" data-id=\"790a9c55\" data-element_type=\"widget\" data-widget_type=\"image.default\">\n\t\t\t\t<div class=\"elementor-widget-container\">\n\t\t\t<style>\/*! elementor - v3.8.0 - 30-10-2022 *\/\n.elementor-widget-image{text-align:center}.elementor-widget-image a{display:inline-block}.elementor-widget-image a img[src$=\".svg\"]{width:48px}.elementor-widget-image img{vertical-align:middle;display:inline-block}<\/style>\t\t\t\t\t\t\t\t\t\t\t\t<img loading=\"lazy\" decoding=\"async\" width=\"300\" height=\"300\" src=\"https:\/\/neem-tree-yard.com\/wp-content\/uploads\/2021\/08\/LogoWeiss-300x300.png\" class=\"attachment-medium size-medium\" alt=\"\" srcset=\"https:\/\/neem-tree-yard.com\/wp-content\/uploads\/2021\/08\/LogoWeiss-300x300.png 300w, https:\/\/neem-tree-yard.com\/wp-content\/uploads\/2021\/08\/LogoWeiss-150x150.png 150w, https:\/\/neem-tree-yard.com\/wp-content\/uploads\/2021\/08\/LogoWeiss.png 512w\" sizes=\"auto, (max-width: 300px) 100vw, 300px\" \/>\t\t\t\t\t\t\t\t\t\t\t\t\t\t\t<\/div>\n\t\t\t\t<\/div>\n\t\t\t\t\t<\/div>\n\t\t<\/div>\n\t\t\t\t<div class=\"elementor-column elementor-col-50 elementor-top-column elementor-element elementor-element-50e6864e\" data-id=\"50e6864e\" data-element_type=\"column\">\n\t\t\t<div class=\"elementor-widget-wrap elementor-element-populated\">\n\t\t\t\t\t\t\t\t<div class=\"elementor-element elementor-element-2e4f3077 elementor-widget elementor-widget-heading\" data-id=\"2e4f3077\" data-element_type=\"widget\" data-widget_type=\"heading.default\">\n\t\t\t\t<div class=\"elementor-widget-container\">\n\t\t\t<style>\/*! elementor - v3.8.0 - 30-10-2022 *\/\n.elementor-heading-title{padding:0;margin:0;line-height:1}.elementor-widget-heading .elementor-heading-title[class*=elementor-size-]>a{color:inherit;font-size:inherit;line-height:inherit}.elementor-widget-heading .elementor-heading-title.elementor-size-small{font-size:15px}.elementor-widget-heading .elementor-heading-title.elementor-size-medium{font-size:19px}.elementor-widget-heading .elementor-heading-title.elementor-size-large{font-size:29px}.elementor-widget-heading .elementor-heading-title.elementor-size-xl{font-size:39px}.elementor-widget-heading .elementor-heading-title.elementor-size-xxl{font-size:59px}<\/style><h2 class=\"elementor-heading-title elementor-size-default\">Vielen Dank f\u00fcr Ihre Aufmerksamkeit<\/h2>\t\t<\/div>\n\t\t\t\t<\/div>\n\t\t\t\t<div class=\"elementor-element elementor-element-2ac06250 elementor-widget elementor-widget-text-editor\" data-id=\"2ac06250\" data-element_type=\"widget\" data-widget_type=\"text-editor.default\">\n\t\t\t\t<div class=\"elementor-widget-container\">\n\t\t\t\t\t\t\t<p>Impressum \u00a0 \u00a0 AGB \u00a0 \u00a0 <a href=\"https:\/\/neem-tree-yard.com\/datenschutz\/\">Datenschutz<\/a><\/p>\t\t\t\t\t\t<\/div>\n\t\t\t\t<\/div>\n\t\t\t\t\t<\/div>\n\t\t<\/div>\n\t\t\t\t\t\t\t<\/div>\n\t\t<\/section>\n\t\t\t\t\t\t\t<\/div>\n\t\t","protected":false},"excerpt":{"rendered":"<p>Datenschutz Die Betreiber dieser Seite nehmen den Schutz Ihrer pers\u00f6nlichen Daten sehr ernst. Wir behandeln Ihre personenbezogenen Daten vertraulich und entsprechend der gesetzlichen Datenschutzvorschriften sowie dieser Datenschutzerkl\u00e4rung. Die Nutzung unserer Website ist in der Regel ohne Angabe personenbezogener Daten m\u00f6glich. Soweit auf unseren Seiten personenbezogene Daten (beispielsweise Name, Anschrift oder E-Mail-Adressen) erhoben werden, erfolgt dies, [&hellip;]<\/p>\n","protected":false},"author":1,"featured_media":0,"parent":0,"menu_order":0,"comment_status":"closed","ping_status":"closed","template":"","meta":{"footnotes":""},"class_list":["post-557","page","type-page","status-publish","hentry","entry"],"_links":{"self":[{"href":"https:\/\/neem-tree-yard.com\/en\/wp-json\/wp\/v2\/pages\/557","targetHints":{"allow":["GET"]}}],"collection":[{"href":"https:\/\/neem-tree-yard.com\/en\/wp-json\/wp\/v2\/pages"}],"about":[{"href":"https:\/\/neem-tree-yard.com\/en\/wp-json\/wp\/v2\/types\/page"}],"author":[{"embeddable":true,"href":"https:\/\/neem-tree-yard.com\/en\/wp-json\/wp\/v2\/users\/1"}],"replies":[{"embeddable":true,"href":"https:\/\/neem-tree-yard.com\/en\/wp-json\/wp\/v2\/comments?post=557"}],"version-history":[{"count":11,"href":"https:\/\/neem-tree-yard.com\/en\/wp-json\/wp\/v2\/pages\/557\/revisions"}],"predecessor-version":[{"id":988,"href":"https:\/\/neem-tree-yard.com\/en\/wp-json\/wp\/v2\/pages\/557\/revisions\/988"}],"wp:attachment":[{"href":"https:\/\/neem-tree-yard.com\/en\/wp-json\/wp\/v2\/media?parent=557"}],"curies":[{"name":"wp","href":"https:\/\/api.w.org\/{rel}","templated":true}]}}