{"id":1135,"date":"2022-08-14T10:44:43","date_gmt":"2022-08-14T08:44:43","guid":{"rendered":"https:\/\/neem-tree-yard.com\/?page_id=1135"},"modified":"2022-11-10T17:51:46","modified_gmt":"2022-11-10T16:51:46","slug":"spendenaufruf","status":"publish","type":"page","link":"https:\/\/neem-tree-yard.com\/en\/spendenaufruf\/","title":{"rendered":"Appeal"},"content":{"rendered":"\t\t<div data-elementor-type=\"wp-page\" data-elementor-id=\"1135\" class=\"elementor elementor-1135\">\n\t\t\t\t\t\t\t\t\t<section class=\"elementor-section elementor-top-section elementor-element elementor-element-13e7aa15 elementor-section-height-min-height elementor-section-items-stretch elementor-reverse-mobile elementor-section-boxed elementor-section-height-default elementor-invisible\" data-id=\"13e7aa15\" data-element_type=\"section\" data-settings=\"{&quot;background_background&quot;:&quot;classic&quot;,&quot;animation&quot;:&quot;fadeIn&quot;,&quot;shape_divider_bottom&quot;:&quot;pyramids&quot;}\">\n\t\t\t\t\t<div class=\"elementor-shape elementor-shape-bottom\" data-negative=\"false\">\n\t\t\t<svg xmlns=\"http:\/\/www.w3.org\/2000\/svg\" viewBox=\"0 0 1000 100\" preserveAspectRatio=\"none\">\n\t<path class=\"elementor-shape-fill\" d=\"M761.9,44.1L643.1,27.2L333.8,98L0,3.8V0l1000,0v3.9\"\/>\n<\/svg>\t\t<\/div>\n\t\t\t\t\t<div class=\"elementor-container elementor-column-gap-default\">\n\t\t\t\t\t<div class=\"elementor-column elementor-col-66 elementor-top-column elementor-element elementor-element-2adf8d9d\" data-id=\"2adf8d9d\" data-element_type=\"column\">\n\t\t\t<div class=\"elementor-widget-wrap elementor-element-populated\">\n\t\t\t\t\t\t\t\t<div class=\"elementor-element elementor-element-6ec2e640 elementor-invisible elementor-widget elementor-widget-heading\" data-id=\"6ec2e640\" data-element_type=\"widget\" data-settings=\"{&quot;_animation&quot;:&quot;fadeInUp&quot;,&quot;_animation_delay&quot;:400}\" data-widget_type=\"heading.default\">\n\t\t\t\t<div class=\"elementor-widget-container\">\n\t\t\t<style>\/*! elementor - v3.8.0 - 30-10-2022 *\/\n.elementor-heading-title{padding:0;margin:0;line-height:1}.elementor-widget-heading .elementor-heading-title[class*=elementor-size-]>a{color:inherit;font-size:inherit;line-height:inherit}.elementor-widget-heading .elementor-heading-title.elementor-size-small{font-size:15px}.elementor-widget-heading .elementor-heading-title.elementor-size-medium{font-size:19px}.elementor-widget-heading .elementor-heading-title.elementor-size-large{font-size:29px}.elementor-widget-heading .elementor-heading-title.elementor-size-xl{font-size:39px}.elementor-widget-heading .elementor-heading-title.elementor-size-xxl{font-size:59px}<\/style><h1 class=\"elementor-heading-title elementor-size-large\">Spendenaufruf<\/h1>\t\t<\/div>\n\t\t\t\t<\/div>\n\t\t\t\t<div class=\"elementor-element elementor-element-298aba09 elementor-invisible elementor-widget elementor-widget-text-editor\" data-id=\"298aba09\" data-element_type=\"widget\" data-settings=\"{&quot;_animation&quot;:&quot;fadeInUp&quot;,&quot;_animation_delay&quot;:500}\" data-widget_type=\"text-editor.default\">\n\t\t\t\t<div class=\"elementor-widget-container\">\n\t\t\t<style>\/*! elementor - v3.8.0 - 30-10-2022 *\/\n.elementor-widget-text-editor.elementor-drop-cap-view-stacked .elementor-drop-cap{background-color:#818a91;color:#fff}.elementor-widget-text-editor.elementor-drop-cap-view-framed .elementor-drop-cap{color:#818a91;border:3px solid;background-color:transparent}.elementor-widget-text-editor:not(.elementor-drop-cap-view-default) .elementor-drop-cap{margin-top:8px}.elementor-widget-text-editor:not(.elementor-drop-cap-view-default) .elementor-drop-cap-letter{width:1em;height:1em}.elementor-widget-text-editor .elementor-drop-cap{float:left;text-align:center;line-height:1;font-size:50px}.elementor-widget-text-editor .elementor-drop-cap-letter{display:inline-block}<\/style>\t\t\t\t<p><strong>Dringender Spendenaufruf: Flutkatastrophe in Gambia<\/strong><\/p><p>Die Auswirkungen der Klimakrise treffen Gambia bereits seit Jahren mit voller Wucht. In diesem Sommer hat tagelanger Starkregen zu massiven \u00dcberflutungen der urbanen Gegenden im Raum Banjul\/Serrekunda gef\u00fchrt.<\/p><p><a href=\"https:\/\/reliefweb.int\/disaster\/fl-2022-000276-gmb\">https:\/\/reliefweb.int\/disaster\/fl-2022-000276-gmb<\/a><\/p>\t\t\t\t\t\t<\/div>\n\t\t\t\t<\/div>\n\t\t\t\t\t<\/div>\n\t\t<\/div>\n\t\t\t\t<div class=\"elementor-column elementor-col-33 elementor-top-column elementor-element elementor-element-1103ec8d\" data-id=\"1103ec8d\" data-element_type=\"column\" data-settings=\"{&quot;background_background&quot;:&quot;classic&quot;}\">\n\t\t\t<div class=\"elementor-widget-wrap elementor-element-populated\">\n\t\t\t\t\t\t\t\t<div class=\"elementor-element elementor-element-1d2a6a76 elementor-invisible elementor-widget elementor-widget-spacer\" data-id=\"1d2a6a76\" data-element_type=\"widget\" data-settings=\"{&quot;_animation&quot;:&quot;fadeInUp&quot;,&quot;_animation_delay&quot;:400}\" data-widget_type=\"spacer.default\">\n\t\t\t\t<div class=\"elementor-widget-container\">\n\t\t\t<style>\/*! elementor - v3.8.0 - 30-10-2022 *\/\n.elementor-column .elementor-spacer-inner{height:var(--spacer-size)}.e-con{--container-widget-width:100%}.e-con-inner>.elementor-widget-spacer,.e-con>.elementor-widget-spacer{width:var(--container-widget-width,var(--spacer-size));-ms-flex-item-align:stretch;align-self:stretch;-ms-flex-negative:0;flex-shrink:0}.e-con-inner>.elementor-widget-spacer>.elementor-widget-container,.e-con-inner>.elementor-widget-spacer>.elementor-widget-container>.elementor-spacer,.e-con>.elementor-widget-spacer>.elementor-widget-container,.e-con>.elementor-widget-spacer>.elementor-widget-container>.elementor-spacer{height:100%}.e-con-inner>.elementor-widget-spacer>.elementor-widget-container>.elementor-spacer>.elementor-spacer-inner,.e-con>.elementor-widget-spacer>.elementor-widget-container>.elementor-spacer>.elementor-spacer-inner{height:var(--container-widget-height,var(--spacer-size))}<\/style>\t\t<div class=\"elementor-spacer\">\n\t\t\t<div class=\"elementor-spacer-inner\"><\/div>\n\t\t<\/div>\n\t\t\t\t<\/div>\n\t\t\t\t<\/div>\n\t\t\t\t\t<\/div>\n\t\t<\/div>\n\t\t\t\t\t\t\t<\/div>\n\t\t<\/section>\n\t\t\t\t<section class=\"elementor-section elementor-top-section elementor-element elementor-element-476682b1 elementor-section-boxed elementor-section-height-default elementor-section-height-default\" data-id=\"476682b1\" data-element_type=\"section\" data-settings=\"{&quot;background_background&quot;:&quot;classic&quot;,&quot;animation&quot;:&quot;none&quot;}\">\n\t\t\t\t\t\t<div class=\"elementor-container elementor-column-gap-default\">\n\t\t\t\t\t<div class=\"elementor-column elementor-col-50 elementor-top-column elementor-element elementor-element-2d554e9d\" data-id=\"2d554e9d\" data-element_type=\"column\" data-settings=\"{&quot;animation&quot;:&quot;none&quot;}\">\n\t\t\t<div class=\"elementor-widget-wrap elementor-element-populated\">\n\t\t\t\t\t\t\t\t<div class=\"elementor-element elementor-element-1902f1e6 elementor-widget elementor-widget-image\" data-id=\"1902f1e6\" data-element_type=\"widget\" data-settings=\"{&quot;_animation&quot;:&quot;none&quot;}\" data-widget_type=\"image.default\">\n\t\t\t\t<div class=\"elementor-widget-container\">\n\t\t\t<style>\/*! elementor - v3.8.0 - 30-10-2022 *\/\n.elementor-widget-image{text-align:center}.elementor-widget-image a{display:inline-block}.elementor-widget-image a img[src$=\".svg\"]{width:48px}.elementor-widget-image img{vertical-align:middle;display:inline-block}<\/style>\t\t\t\t\t\t\t\t\t\t\t\t<img loading=\"lazy\" decoding=\"async\" width=\"1080\" height=\"605\" src=\"https:\/\/neem-tree-yard.com\/wp-content\/uploads\/2022\/08\/WhatsApp-Image-2022-08-03-at-16.43.23-1.jpeg\" class=\"attachment-1536x1536 size-1536x1536\" alt=\"\" srcset=\"https:\/\/neem-tree-yard.com\/wp-content\/uploads\/2022\/08\/WhatsApp-Image-2022-08-03-at-16.43.23-1.jpeg 1080w, https:\/\/neem-tree-yard.com\/wp-content\/uploads\/2022\/08\/WhatsApp-Image-2022-08-03-at-16.43.23-1-300x168.jpeg 300w, https:\/\/neem-tree-yard.com\/wp-content\/uploads\/2022\/08\/WhatsApp-Image-2022-08-03-at-16.43.23-1-1024x574.jpeg 1024w, https:\/\/neem-tree-yard.com\/wp-content\/uploads\/2022\/08\/WhatsApp-Image-2022-08-03-at-16.43.23-1-768x430.jpeg 768w, https:\/\/neem-tree-yard.com\/wp-content\/uploads\/2022\/08\/WhatsApp-Image-2022-08-03-at-16.43.23-1-18x10.jpeg 18w\" sizes=\"auto, (max-width: 1080px) 100vw, 1080px\" \/>\t\t\t\t\t\t\t\t\t\t\t\t\t\t\t<\/div>\n\t\t\t\t<\/div>\n\t\t\t\t\t<\/div>\n\t\t<\/div>\n\t\t\t\t<div class=\"elementor-column elementor-col-50 elementor-top-column elementor-element elementor-element-25b29f79\" data-id=\"25b29f79\" data-element_type=\"column\">\n\t\t\t<div class=\"elementor-widget-wrap elementor-element-populated\">\n\t\t\t\t\t\t\t\t<div class=\"elementor-element elementor-element-4540dabb animated-fast elementor-invisible elementor-widget elementor-widget-text-editor\" data-id=\"4540dabb\" data-element_type=\"widget\" data-settings=\"{&quot;_animation&quot;:&quot;fadeInUp&quot;}\" data-widget_type=\"text-editor.default\">\n\t\t\t\t<div class=\"elementor-widget-container\">\n\t\t\t\t\t\t\t<p>Das Leid der betroffenen Menschen ist sehr gro\u00df. Bisher sind \u201enur\u201c ein paar Kinder gestorben, aber die desastr\u00f6se Gesundheitsversorgung l\u00e4sst Schlimmes bef\u00fcrchten. Das Wasser ist dreckig und voller M\u00fcll und steht oder stand in vielen H\u00e4usern meterhoch.<\/p><p>20.000 Menschen haben ihre wenigen Habseligkeiten verloren, sind obdachlos und stehen vor dem Nichts.<\/p><p>Und es regnet weiter!<\/p>\t\t\t\t\t\t<\/div>\n\t\t\t\t<\/div>\n\t\t\t\t\t<\/div>\n\t\t<\/div>\n\t\t\t\t\t\t\t<\/div>\n\t\t<\/section>\n\t\t\t\t<section class=\"elementor-section elementor-top-section elementor-element elementor-element-67733c71 elementor-reverse-mobile elementor-section-boxed elementor-section-height-default elementor-section-height-default\" data-id=\"67733c71\" data-element_type=\"section\" data-settings=\"{&quot;background_background&quot;:&quot;classic&quot;,&quot;shape_divider_top&quot;:&quot;pyramids&quot;,&quot;shape_divider_bottom&quot;:&quot;pyramids&quot;,&quot;shape_divider_bottom_negative&quot;:&quot;yes&quot;}\">\n\t\t\t\t\t<div class=\"elementor-shape elementor-shape-top\" data-negative=\"false\">\n\t\t\t<svg xmlns=\"http:\/\/www.w3.org\/2000\/svg\" viewBox=\"0 0 1000 100\" preserveAspectRatio=\"none\">\n\t<path class=\"elementor-shape-fill\" d=\"M761.9,44.1L643.1,27.2L333.8,98L0,3.8V0l1000,0v3.9\"\/>\n<\/svg>\t\t<\/div>\n\t\t\t\t<div class=\"elementor-shape elementor-shape-bottom\" data-negative=\"true\">\n\t\t\t<svg xmlns=\"http:\/\/www.w3.org\/2000\/svg\" viewBox=\"0 0 1000 100\" preserveAspectRatio=\"none\">\n\t<path class=\"elementor-shape-fill\" d=\"M761.9,40.6L643.1,24L333.9,93.8L0.1,1H0v99h1000V1\"\/>\n<\/svg>\t\t<\/div>\n\t\t\t\t\t<div class=\"elementor-container elementor-column-gap-default\">\n\t\t\t\t\t<div class=\"elementor-column elementor-col-50 elementor-top-column elementor-element elementor-element-61e587d5\" data-id=\"61e587d5\" data-element_type=\"column\">\n\t\t\t<div class=\"elementor-widget-wrap elementor-element-populated\">\n\t\t\t\t\t\t\t\t<div class=\"elementor-element elementor-element-1a14e614 animated-fast elementor-invisible elementor-widget elementor-widget-text-editor\" data-id=\"1a14e614\" data-element_type=\"widget\" data-settings=\"{&quot;_animation&quot;:&quot;fadeInUp&quot;}\" data-widget_type=\"text-editor.default\">\n\t\t\t\t<div class=\"elementor-widget-container\">\n\t\t\t\t\t\t\t<p>Bitte helfen Sie uns mit einer Spende, um das Leid der Menschen zu lindern und durch unser Projekt den Wiederaufbau unterst\u00fctzen.<\/p>\n<p>\n<a href=\"mailto:donate@neem-tree-yard.com\">donate@neem-tree-yard.com<\/a><\/p>\n\n<p>The Neem Tree Yard e.V.<br>\nIBAN: DE95 1001 0010 0994 7921 39<br>\nBIC: PBNKDEFF\n<\/p>\t\t\t\t\t\t<\/div>\n\t\t\t\t<\/div>\n\t\t\t\t<div class=\"elementor-element elementor-element-5a70f3a elementor-widget elementor-widget-html\" data-id=\"5a70f3a\" data-element_type=\"widget\" data-widget_type=\"html.default\">\n\t\t\t\t<div class=\"elementor-widget-container\">\n\t\t\t<a href=\"www.qrcode-generator.de\/solutions\/epc-qr-code\/\" border=\"0\" style=\"cursor:default\" rel=\"nofollow\"><\/a><img decoding=\"async\" src=\"https:\/\/chart.googleapis.com\/chart?cht=qr&chl=BCD%0A001%0A1%0ASCT%0APBNKDEFF%0AThe%20Neem%20Tree%20Yard%20e.V.%0ADE95100100100994792139%0AEUR%0A%0A%0A%0A&chs=180x180&choe=UTF-8&chld=L|2\">\t\t<\/div>\n\t\t\t\t<\/div>\n\t\t\t\t<div class=\"elementor-element elementor-element-6b93b7c animated-fast elementor-invisible elementor-widget elementor-widget-text-editor\" data-id=\"6b93b7c\" data-element_type=\"widget\" data-settings=\"{&quot;_animation&quot;:&quot;fadeInUp&quot;}\" data-widget_type=\"text-editor.default\">\n\t\t\t\t<div class=\"elementor-widget-container\">\n\t\t\t\t\t\t\tOder einfach \u00fcber Paypal spenden.\t\t\t\t\t\t<\/div>\n\t\t\t\t<\/div>\n\t\t\t\t<div class=\"elementor-element elementor-element-bbfcc95 elementor-mobile-align-center elementor-widget elementor-widget-button\" data-id=\"bbfcc95\" data-element_type=\"widget\" data-widget_type=\"button.default\">\n\t\t\t\t<div class=\"elementor-widget-container\">\n\t\t\t\t\t<div class=\"elementor-button-wrapper\">\n\t\t\t<a href=\"https:\/\/neem-tree-yard.com\/was-wir-tun\/\" class=\"elementor-button-link elementor-button elementor-size-sm\" role=\"button\">\n\t\t\t\t\t\t<span class=\"elementor-button-content-wrapper\">\n\t\t\t\t\t\t\t<span class=\"elementor-button-icon elementor-align-icon-left\">\n\t\t\t\t<i aria-hidden=\"true\" class=\"fab fa-paypal\"><\/i>\t\t\t<\/span>\n\t\t\t\t\t\t<span class=\"elementor-button-text\">jetzt spenden<\/span>\n\t\t<\/span>\n\t\t\t\t\t<\/a>\n\t\t<\/div>\n\t\t\t\t<\/div>\n\t\t\t\t<\/div>\n\t\t\t\t\t<\/div>\n\t\t<\/div>\n\t\t\t\t<div class=\"elementor-column elementor-col-50 elementor-top-column elementor-element elementor-element-197ef673\" data-id=\"197ef673\" data-element_type=\"column\">\n\t\t\t<div class=\"elementor-widget-wrap elementor-element-populated\">\n\t\t\t\t\t\t\t\t<div class=\"elementor-element elementor-element-33bd98bb elementor-widget elementor-widget-image\" data-id=\"33bd98bb\" data-element_type=\"widget\" data-widget_type=\"image.default\">\n\t\t\t\t<div class=\"elementor-widget-container\">\n\t\t\t\t\t\t\t\t\t\t\t\t\t\t\t<img decoding=\"async\" src=\"https:\/\/neem-tree-yard.com\/wp-content\/uploads\/2022\/08\/Video4kurz.mp4\" title=\"\" alt=\"\" \/>\t\t\t\t\t\t\t\t\t\t\t\t\t\t\t<\/div>\n\t\t\t\t<\/div>\n\t\t\t\t\t<\/div>\n\t\t<\/div>\n\t\t\t\t\t\t\t<\/div>\n\t\t<\/section>\n\t\t\t\t<section class=\"elementor-section elementor-top-section elementor-element elementor-element-17f2bcfc elementor-section-height-min-height elementor-section-items-stretch elementor-section-content-middle elementor-section-boxed elementor-section-height-default\" data-id=\"17f2bcfc\" data-element_type=\"section\" data-settings=\"{&quot;background_background&quot;:&quot;classic&quot;}\">\n\t\t\t\t\t\t<div class=\"elementor-container elementor-column-gap-default\">\n\t\t\t\t\t<div class=\"elementor-column elementor-col-100 elementor-top-column elementor-element elementor-element-29e99b7b\" data-id=\"29e99b7b\" data-element_type=\"column\">\n\t\t\t<div class=\"elementor-widget-wrap elementor-element-populated\">\n\t\t\t\t\t\t\t\t<div class=\"elementor-element elementor-element-4c482e55 animated-fast elementor-invisible elementor-widget elementor-widget-heading\" data-id=\"4c482e55\" data-element_type=\"widget\" data-settings=\"{&quot;_animation&quot;:&quot;fadeInUp&quot;,&quot;_animation_delay&quot;:400}\" data-widget_type=\"heading.default\">\n\t\t\t\t<div class=\"elementor-widget-container\">\n\t\t\t<h2 class=\"elementor-heading-title elementor-size-default\">Was mit dem Geld passiert<\/h2>\t\t<\/div>\n\t\t\t\t<\/div>\n\t\t\t\t<div class=\"elementor-element elementor-element-236f3c37 animated-fast elementor-invisible elementor-widget elementor-widget-text-editor\" data-id=\"236f3c37\" data-element_type=\"widget\" data-settings=\"{&quot;_animation&quot;:&quot;fadeInUp&quot;}\" data-widget_type=\"text-editor.default\">\n\t\t\t\t<div class=\"elementor-widget-container\">\n\t\t\t\t\t\t\t<p>Einen Teil des Geldes wollen wir direkt an Flutopfer weitergeben, aber wir m\u00f6chten ebenso eine langfristige und nachhaltige L\u00f6sung entwickeln, um den Wiederaufbau zu unterst\u00fctzen.<\/p><p>Wir arbeiten gerade daran, eine Anleitung erstellen, um den Menschen zu erm\u00f6glichen, die Bauweise mit den PET-Flaschen selbst anwenden zu k\u00f6nnen. Mit dieser Anleitung sollen zudem gezeigt werden wie man sein Geb\u00e4ude zuk\u00fcnftig baukonstruktiv vor den Wettereinwirkungen sch\u00fctzt. Da die Alphabetisierungsrate in Gambia bei nur 50 Prozent liegt, wollen wir mit Schaubildern oder \u00c4hnlichem arbeiten.<\/p><p>Gleichzeitig m\u00f6chten wir unser erstes Bauprojekt fertigstellen, um daraus ein Gesch\u00e4ftsmodell f\u00fcr die Menschen vor Ort zu entwickeln und sie anzuregen, klimafreundliche H\u00e4user zu bauen, die gegen Hitze und Regen sch\u00fctzen und gleichzeitig die Umwelt s\u00e4ubern und Ressourcen schonen.<\/p><p>Jede Spende hilft und erreicht Menschen, die dringend unsere Unterst\u00fctzung brauchen.<\/p>\t\t\t\t\t\t<\/div>\n\t\t\t\t<\/div>\n\t\t\t\t\t<\/div>\n\t\t<\/div>\n\t\t\t\t\t\t\t<\/div>\n\t\t<\/section>\n\t\t\t\t\t\t\t<\/div>\n\t\t","protected":false},"excerpt":{"rendered":"<p>Spendenaufruf Dringender Spendenaufruf: Flutkatastrophe in Gambia Die Auswirkungen der Klimakrise treffen Gambia bereits seit Jahren mit voller Wucht. In diesem Sommer hat tagelanger Starkregen zu massiven \u00dcberflutungen der urbanen Gegenden im Raum Banjul\/Serrekunda gef\u00fchrt. https:\/\/reliefweb.int\/disaster\/fl-2022-000276-gmb Das Leid der betroffenen Menschen ist sehr gro\u00df. Bisher sind \u201enur\u201c ein paar Kinder gestorben, aber die desastr\u00f6se Gesundheitsversorgung l\u00e4sst [&hellip;]<\/p>\n","protected":false},"author":1,"featured_media":0,"parent":0,"menu_order":0,"comment_status":"closed","ping_status":"closed","template":"","meta":{"footnotes":""},"class_list":["post-1135","page","type-page","status-publish","hentry","entry"],"_links":{"self":[{"href":"https:\/\/neem-tree-yard.com\/en\/wp-json\/wp\/v2\/pages\/1135","targetHints":{"allow":["GET"]}}],"collection":[{"href":"https:\/\/neem-tree-yard.com\/en\/wp-json\/wp\/v2\/pages"}],"about":[{"href":"https:\/\/neem-tree-yard.com\/en\/wp-json\/wp\/v2\/types\/page"}],"author":[{"embeddable":true,"href":"https:\/\/neem-tree-yard.com\/en\/wp-json\/wp\/v2\/users\/1"}],"replies":[{"embeddable":true,"href":"https:\/\/neem-tree-yard.com\/en\/wp-json\/wp\/v2\/comments?post=1135"}],"version-history":[{"count":10,"href":"https:\/\/neem-tree-yard.com\/en\/wp-json\/wp\/v2\/pages\/1135\/revisions"}],"predecessor-version":[{"id":1250,"href":"https:\/\/neem-tree-yard.com\/en\/wp-json\/wp\/v2\/pages\/1135\/revisions\/1250"}],"wp:attachment":[{"href":"https:\/\/neem-tree-yard.com\/en\/wp-json\/wp\/v2\/media?parent=1135"}],"curies":[{"name":"wp","href":"https:\/\/api.w.org\/{rel}","templated":true}]}}